{"id":299,"date":"2024-06-18T17:00:31","date_gmt":"2024-06-18T17:00:31","guid":{"rendered":"https:\/\/adhurtado.com\/?post_type=product&#038;p=299"},"modified":"2024-06-18T17:00:31","modified_gmt":"2024-06-18T17:00:31","slug":"equilibrio-de-bronce","status":"publish","type":"product","link":"https:\/\/adhurtado.com\/index.php\/producto\/equilibrio-de-bronce\/","title":{"rendered":"EQUILIBRIO DE BRONCE"},"content":{"rendered":"<p><img decoding=\"async\" class=\"alignleft wp-image-300 \" src=\"https:\/\/adhurtado.com\/wp-content\/uploads\/2024\/06\/Equilibrio-241x300.jpg\" alt=\"Imagen del articulo EQUILIBRIO DE BRONCE\" width=\"80\" height=\"100\" \/>Equilibrio, es una escultura de payasito fabricado en bronce, nos muestra que para mantener el equilibrio, se necesita estar en constante movimiento, es mas dif\u00edcil caer, en cambio cuando nos paraliza el miedo, est\u00e9 nos tumba. Un paso a la ves por esta vida, nada es blanco ni negro, todos son matices y as\u00ed hay que enfrentar la vida, con un equilibrio constante<\/p>\n","protected":false},"excerpt":{"rendered":"<p style=\"text-align: center;\">EQUILIBRIO DE BRONCE. 25X15X47 CM DE ALTURA.<\/p>\n","protected":false},"featured_media":300,"comment_status":"open","ping_status":"closed","template":"","meta":{"_et_pb_use_builder":"","_et_pb_old_content":"","_et_gb_content_width":""},"product_cat":[25],"product_tag":[27,26,29],"class_list":{"0":"post-299","1":"product","2":"type-product","3":"status-publish","4":"has-post-thumbnail","6":"product_cat-decoracion","7":"product_tag-articulos","8":"product_tag-decoracion","9":"product_tag-productos","11":"first","12":"instock","13":"shipping-taxable","14":"purchasable","15":"product-type-simple"},"_links":{"self":[{"href":"https:\/\/adhurtado.com\/index.php\/wp-json\/wp\/v2\/product\/299","targetHints":{"allow":["GET"]}}],"collection":[{"href":"https:\/\/adhurtado.com\/index.php\/wp-json\/wp\/v2\/product"}],"about":[{"href":"https:\/\/adhurtado.com\/index.php\/wp-json\/wp\/v2\/types\/product"}],"replies":[{"embeddable":true,"href":"https:\/\/adhurtado.com\/index.php\/wp-json\/wp\/v2\/comments?post=299"}],"wp:featuredmedia":[{"embeddable":true,"href":"https:\/\/adhurtado.com\/index.php\/wp-json\/wp\/v2\/media\/300"}],"wp:attachment":[{"href":"https:\/\/adhurtado.com\/index.php\/wp-json\/wp\/v2\/media?parent=299"}],"wp:term":[{"taxonomy":"product_cat","embeddable":true,"href":"https:\/\/adhurtado.com\/index.php\/wp-json\/wp\/v2\/product_cat?post=299"},{"taxonomy":"product_tag","embeddable":true,"href":"https:\/\/adhurtado.com\/index.php\/wp-json\/wp\/v2\/product_tag?post=299"}],"curies":[{"name":"wp","href":"https:\/\/api.w.org\/{rel}","templated":true}]}}