{"id":296,"date":"2024-06-18T16:51:09","date_gmt":"2024-06-18T16:51:09","guid":{"rendered":"https:\/\/adhurtado.com\/?post_type=product&#038;p=296"},"modified":"2024-06-18T16:52:26","modified_gmt":"2024-06-18T16:52:26","slug":"arlequin-de-bronce","status":"publish","type":"product","link":"https:\/\/adhurtado.com\/index.php\/producto\/arlequin-de-bronce\/","title":{"rendered":"ARLEQUIN DE BRONCE."},"content":{"rendered":"<p><img decoding=\"async\" class=\"alignleft wp-image-297 \" src=\"https:\/\/adhurtado.com\/wp-content\/uploads\/2024\/06\/La-tristeza-detras-de-la-sonrisa-204x300.jpg\" alt=\"Imagen de art\u00edculo ARLEQUIN DE BRONCE.\" width=\"68\" height=\"100\" \/>La tristeza detr\u00e1s de la sonrisa, es una escultura de arlequ\u00edn fabricado en bronce, representa la sociedad actual, donde las personas presentan su mejor cara, con una enorme sonrisa, y por detr\u00e1s cargan una gran tristeza o vac\u00edo. No todo son espina, ni todo son rosas, siempre habr\u00e1 d\u00edas buenos y d\u00edas malos, pero es nuestra obligaci\u00f3n enfrentar la vida con un una sonrisa. Recuerda debemos seguir adelante.<\/p>\n","protected":false},"excerpt":{"rendered":"<p>ARLEQU\u00cdN DE BRONCE. 29X22X45 CM DE ALTURA<\/p>\n","protected":false},"featured_media":297,"comment_status":"open","ping_status":"closed","template":"","meta":{"_et_pb_use_builder":"","_et_pb_old_content":"","_et_gb_content_width":""},"product_cat":[25],"product_tag":[26,29],"class_list":{"0":"post-296","1":"product","2":"type-product","3":"status-publish","4":"has-post-thumbnail","6":"product_cat-decoracion","7":"product_tag-decoracion","8":"product_tag-productos","10":"first","11":"instock","12":"shipping-taxable","13":"purchasable","14":"product-type-simple"},"_links":{"self":[{"href":"https:\/\/adhurtado.com\/index.php\/wp-json\/wp\/v2\/product\/296","targetHints":{"allow":["GET"]}}],"collection":[{"href":"https:\/\/adhurtado.com\/index.php\/wp-json\/wp\/v2\/product"}],"about":[{"href":"https:\/\/adhurtado.com\/index.php\/wp-json\/wp\/v2\/types\/product"}],"replies":[{"embeddable":true,"href":"https:\/\/adhurtado.com\/index.php\/wp-json\/wp\/v2\/comments?post=296"}],"wp:featuredmedia":[{"embeddable":true,"href":"https:\/\/adhurtado.com\/index.php\/wp-json\/wp\/v2\/media\/297"}],"wp:attachment":[{"href":"https:\/\/adhurtado.com\/index.php\/wp-json\/wp\/v2\/media?parent=296"}],"wp:term":[{"taxonomy":"product_cat","embeddable":true,"href":"https:\/\/adhurtado.com\/index.php\/wp-json\/wp\/v2\/product_cat?post=296"},{"taxonomy":"product_tag","embeddable":true,"href":"https:\/\/adhurtado.com\/index.php\/wp-json\/wp\/v2\/product_tag?post=296"}],"curies":[{"name":"wp","href":"https:\/\/api.w.org\/{rel}","templated":true}]}}