{"id":293,"date":"2024-06-18T16:38:47","date_gmt":"2024-06-18T16:38:47","guid":{"rendered":"https:\/\/adhurtado.com\/?post_type=product&#038;p=293"},"modified":"2024-06-18T16:53:32","modified_gmt":"2024-06-18T16:53:32","slug":"barco-de-concreto","status":"publish","type":"product","link":"https:\/\/adhurtado.com\/index.php\/producto\/barco-de-concreto\/","title":{"rendered":"BARCO DE CONCRETO"},"content":{"rendered":"<p><img decoding=\"async\" class=\"wp-image-289 alignleft\" src=\"https:\/\/adhurtado.com\/wp-content\/uploads\/2024\/06\/Categoria-decoracion-300x226.jpg\" alt=\"Imagen de categor\u00eda articulos decoracion\" width=\"100\" height=\"75\" \/>Barquito de papel, est\u00e9 barquito representa la infancia y la ilusi\u00f3n de poder navegar, no solo por las aguas, sino, descubrir el universo entero, tal como un ni\u00f1o, cuando construye con ansias su barquito de papel.<\/p>\n","protected":false},"excerpt":{"rendered":"<p>BARCO DE CONCRETO. 29X17X12 CM DE ALTURA<\/p>\n","protected":false},"featured_media":294,"comment_status":"open","ping_status":"closed","template":"","meta":{"_et_pb_use_builder":"","_et_pb_old_content":"","_et_gb_content_width":""},"product_cat":[25],"product_tag":[28,26],"class_list":{"0":"post-293","1":"product","2":"type-product","3":"status-publish","4":"has-post-thumbnail","6":"product_cat-decoracion","7":"product_tag-barco-de-concreto","8":"product_tag-decoracion","10":"first","11":"instock","12":"shipping-taxable","13":"purchasable","14":"product-type-simple"},"_links":{"self":[{"href":"https:\/\/adhurtado.com\/index.php\/wp-json\/wp\/v2\/product\/293","targetHints":{"allow":["GET"]}}],"collection":[{"href":"https:\/\/adhurtado.com\/index.php\/wp-json\/wp\/v2\/product"}],"about":[{"href":"https:\/\/adhurtado.com\/index.php\/wp-json\/wp\/v2\/types\/product"}],"replies":[{"embeddable":true,"href":"https:\/\/adhurtado.com\/index.php\/wp-json\/wp\/v2\/comments?post=293"}],"wp:featuredmedia":[{"embeddable":true,"href":"https:\/\/adhurtado.com\/index.php\/wp-json\/wp\/v2\/media\/294"}],"wp:attachment":[{"href":"https:\/\/adhurtado.com\/index.php\/wp-json\/wp\/v2\/media?parent=293"}],"wp:term":[{"taxonomy":"product_cat","embeddable":true,"href":"https:\/\/adhurtado.com\/index.php\/wp-json\/wp\/v2\/product_cat?post=293"},{"taxonomy":"product_tag","embeddable":true,"href":"https:\/\/adhurtado.com\/index.php\/wp-json\/wp\/v2\/product_tag?post=293"}],"curies":[{"name":"wp","href":"https:\/\/api.w.org\/{rel}","templated":true}]}}